{"id":120,"date":"2025-05-01T18:28:52","date_gmt":"2025-05-01T18:28:52","guid":{"rendered":"http:\/\/whitedentalgo.com\/contact-us\/"},"modified":"2025-08-29T21:06:16","modified_gmt":"2025-08-29T21:06:16","slug":"contact-us","status":"publish","type":"page","link":"https:\/\/whitedentalgo.com\/en\/contact-us\/","title":{"rendered":"Contact Us"},"content":{"rendered":"<div data-elementor-type=\"wp-page\" data-elementor-id=\"120\" class=\"elementor elementor-120\">\n\t\t\t\t<div class=\"elementor-element elementor-element-cc24351 e-flex e-con-boxed e-con e-parent\" data-id=\"cc24351\" data-element_type=\"container\">\n\t\t\t\t\t<div class=\"e-con-inner\">\n\t\t\t\t<div class=\"elementor-element elementor-element-57f8483 elementor-widget elementor-widget-text-editor\" data-id=\"57f8483\" data-element_type=\"widget\" data-widget_type=\"text-editor.default\">\n\t\t\t\t<div class=\"elementor-widget-container\">\n\t\t\t\t\t\t\t\t\t<div class=\"wp-block-uagb-container uagb-block-4e0f6ee9 alignfull uagb-is-root-container\">\n<div class=\"uagb-container-inner-blocks-wrap\">\n<div class=\"wp-block-uagb-advanced-heading uagb-block-6a0986a2\">\n<h1 class=\"uagb-heading-text\">Contacto<\/h1>\n<\/div>\n<!-- \/wp:uagb\/advanced-heading --><\/div>\n<\/div>\n<p><!-- \/wp:uagb\/container --><!-- wp:uagb\/container {\"block_id\":\"bea2cf47\",\"directionDesktop\":\"row\",\"alignItemsDesktop\":\"flex-start\",\"wrapTablet\":\"wrap\",\"borderStyle\":\"\",\"topPaddingDesktop\":104,\"bottomPaddingDesktop\":104,\"leftPaddingDesktop\":0,\"rightPaddingDesktop\":0,\"topPaddingTablet\":80,\"bottomPaddingTablet\":80,\"leftPaddingTablet\":40,\"rightPaddingTablet\":40,\"topPaddingMobile\":64,\"bottomPaddingMobile\":64,\"leftPaddingMobile\":24,\"rightPaddingMobile\":24,\"paddingLink\":false,\"topMarginDesktop\":0,\"bottomMarginDesktop\":0,\"leftMarginDesktop\":0,\"rightMarginDesktop\":0,\"marginLink\":false,\"variationSelected\":true,\"rowGapDesktop\":0,\"columnGapDesktop\":0,\"isBlockRootParent\":true,\"UAGResponsiveConditions\":true} --><\/p>\n<div class=\"wp-block-uagb-container uagb-block-bea2cf47 alignfull uagb-is-root-container\">\n<div class=\"uagb-container-inner-blocks-wrap\"><!-- wp:uagb\/container {\"block_id\":\"9288be80\",\"widthDesktop\":67,\"widthTablet\":100,\"alignItemsDesktop\":\"stretch\",\"alignItemsTablet\":\"stretch\",\"borderStyle\":\"\",\"topPaddingDesktop\":0,\"bottomPaddingDesktop\":0,\"leftPaddingDesktop\":0,\"rightPaddingDesktop\":80,\"topPaddingTablet\":0,\"bottomPaddingTablet\":0,\"leftPaddingTablet\":0,\"rightPaddingTablet\":0,\"paddingLink\":false,\"topMarginDesktop\":0,\"bottomMarginDesktop\":0,\"leftMarginDesktop\":0,\"rightMarginDesktop\":0,\"topMarginTablet\":0,\"bottomMarginTablet\":0,\"leftMarginTablet\":0,\"rightMarginTablet\":0,\"marginLink\":false,\"variationSelected\":true,\"columnGapDesktop\":0,\"widthSetByUser\":true,\"equalHeight\":true} -->\n<div class=\"wp-block-uagb-container uagb-block-9288be80\"><!-- wp:uagb\/advanced-heading {\"block_id\":\"9949d853\",\"classMigrate\":true,\"headingAlignMobile\":\"center\",\"headingTag\":\"h3\",\"headSpace\":0,\"blockBottomPadding\":16} -->\n<div class=\"wp-block-uagb-advanced-heading uagb-block-9949d853\">\n<h3 class=\"uagb-heading-text\">Detalle de Contacto<\/h3>\n<\/div>\n<!-- \/wp:uagb\/advanced-heading --><!-- wp:uagb\/container {\"block_id\":\"15197508\",\"widthTablet\":100,\"directionDesktop\":\"row\",\"directionTablet\":\"row\",\"alignItemsDesktop\":\"flex-start\",\"justifyContentDesktop\":\"flex-start\",\"justifyContentTablet\":\"space-between\",\"wrapDesktop\":\"wrap\",\"wrapTablet\":\"nowrap\",\"borderStyle\":\"\",\"topPaddingDesktop\":0,\"bottomPaddingDesktop\":0,\"leftPaddingDesktop\":0,\"rightPaddingDesktop\":0,\"topPaddingTablet\":0,\"bottomPaddingTablet\":0,\"leftPaddingTablet\":0,\"rightPaddingTablet\":0,\"topPaddingMobile\":0,\"bottomPaddingMobile\":0,\"leftPaddingMobile\":0,\"rightPaddingMobile\":0,\"paddingLink\":false,\"topMarginDesktop\":0,\"bottomMarginDesktop\":0,\"leftMarginDesktop\":0,\"rightMarginDesktop\":0,\"topMarginTablet\":0,\"bottomMarginTablet\":0,\"leftMarginTablet\":0,\"rightMarginTablet\":0,\"topMarginMobile\":0,\"bottomMarginMobile\":40,\"leftMarginMobile\":0,\"rightMarginMobile\":0,\"marginLink\":false,\"variationSelected\":true,\"rowGapDesktop\":30,\"rowGapTablet\":0,\"rowGapMobile\":20,\"columnGapDesktop\":30,\"columnGapTablet\":0,\"widthSetByUser\":true,\"layout\":\"grid\",\"gridColumnDesktop\":[{\"default\":\"custom\",\"min\":{\"unit\":\"px\",\"value\":10},\"max\":{\"unit\":\"fr\",\"value\":1},\"custom\":{\"unit\":\"%\",\"value\":40}},{\"default\":\"custom\",\"min\":{\"unit\":\"px\",\"value\":10},\"max\":{\"unit\":\"fr\",\"value\":1},\"custom\":{\"unit\":\"%\",\"value\":48}}],\"gridColumnTablet\":[{\"default\":\"custom\",\"min\":{\"unit\":\"px\",\"value\":10},\"max\":{\"unit\":\"fr\",\"value\":1},\"custom\":{\"unit\":\"%\",\"value\":34}},{\"default\":\"custom\",\"min\":{\"unit\":\"px\",\"value\":10},\"max\":{\"unit\":\"fr\",\"value\":1},\"custom\":{\"unit\":\"%\",\"value\":34}},{\"default\":\"custom\",\"min\":{\"unit\":\"px\",\"value\":10},\"max\":{\"unit\":\"fr\",\"value\":1},\"custom\":{\"unit\":\"%\",\"value\":34}}]} -->\n<div class=\"wp-block-uagb-container uagb-layout-grid uagb-block-15197508\"><!-- wp:uagb\/info-box {\"classMigrate\":true,\"headingAlign\":\"left\",\"headingColor\":\"\",\"subHeadingColor\":\"\",\"icon\":\"location-dot\",\"iconimgPosition\":\"left\",\"iconSize\":20,\"iconSizeTablet\":14,\"iconColor\":\"var(u002du002dast-global-color-0)\",\"headingTag\":\"h4\",\"headSpace\":8,\"subHeadSpace\":0,\"block_id\":\"b8f21f5a\",\"ctaBorderColor\":\"\",\"ctaBorderStyle\":\"\",\"iconLeftMargin\":0,\"iconRightMargin\":22,\"iconTopMargin\":16,\"iconBottomMargin\":0,\"stack\":\"mobile\",\"iconMarginTopTablet\":15,\"iconMarginRightTablet\":22,\"iconMarginBottomTablet\":0,\"iconMarginLeftTablet\":0,\"paddingBtnTop\":10,\"paddingBtnBottom\":10,\"paddingBtnLeft\":14,\"paddingBtnRight\":14,\"blockTopPadding\":0,\"blockRightPadding\":0,\"blockLeftPadding\":15,\"blockBottomPadding\":0,\"blockTopPaddingTablet\":0,\"blockRightPaddingTablet\":0,\"blockLeftPaddingTablet\":15,\"blockBottomPaddingTablet\":0,\"blockTopPaddingMobile\":0,\"blockRightPaddingMobile\":0,\"blockLeftPaddingMobile\":0,\"blockBottomPaddingMobile\":0,\"blockPaddingLink\":false,\"subHeadTopMargin\":0,\"subHeadRightMargin\":0,\"subHeadLeftMargin\":0,\"btnBorderTopWidth\":1,\"btnBorderLeftWidth\":1,\"btnBorderRightWidth\":1,\"btnBorderBottomWidth\":1,\"btnBorderTopLeftRadius\":0,\"btnBorderTopRightRadius\":0,\"btnBorderBottomLeftRadius\":0,\"btnBorderBottomRightRadius\":0,\"btnBorderStyle\":\"solid\",\"btnBorderColor\":\"#333\"} -->\n<div class=\"wp-block-uagb-info-box uagb-block-b8f21f5a uagb-infobox__content-wrap  uagb-infobox-icon-left uagb-infobox-left uagb-infobox-stacked-mobile uagb-infobox-image-valign-top\">\n<div class=\"uagb-ifb-icon-wrap\">\u00a0<\/div>\n<div class=\"uagb-ifb-content\">\n<div class=\"uagb-ifb-title-wrap\">\n<h4 class=\"uagb-ifb-title\">Nuestra Ubicaci\u00f3n<\/h4>\n<\/div>\n<p class=\"uagb-ifb-desc\">Cl. 140 #11 45, Usaqu\u00e9n, Bogot\u00e1, Cundinamarca<\/p>\n<\/div>\n<\/div>\n<!-- \/wp:uagb\/info-box --><!-- wp:uagb\/info-box {\"classMigrate\":true,\"headingAlign\":\"left\",\"headingColor\":\"\",\"subHeadingColor\":\"\",\"icon\":\"phone-flip\",\"iconimgPosition\":\"left\",\"iconSize\":20,\"iconSizeTablet\":14,\"iconColor\":\"var(u002du002dast-global-color-0)\",\"headingTag\":\"h4\",\"headSpace\":8,\"subHeadSpace\":0,\"seperatorSpace\":20,\"iconimgBorderRadius\":100,\"block_id\":\"8150b524\",\"seperatorPosition\":\"after_desc\",\"seperatorColor\":\"#efeef4\",\"seperatorWidth\":100,\"seperatorThickness\":1,\"ctaBorderColor\":\"\",\"ctaBorderStyle\":\"\",\"iconLeftMargin\":0,\"iconRightMargin\":22,\"iconTopMargin\":16,\"iconBottomMargin\":0,\"stack\":\"mobile\",\"iconMarginTopTablet\":15,\"iconMarginRightTablet\":22,\"iconMarginBottomTablet\":0,\"iconMarginLeftTablet\":0,\"paddingBtnTop\":10,\"paddingBtnBottom\":10,\"paddingBtnLeft\":14,\"paddingBtnRight\":14,\"headTopMargin\":0,\"headRightMargin\":0,\"headLeftMargin\":0,\"blockTopPadding\":0,\"blockRightPadding\":0,\"blockLeftPadding\":0,\"blockBottomPadding\":0,\"blockTopPaddingTablet\":0,\"blockRightPaddingTablet\":0,\"blockLeftPaddingTablet\":34,\"blockBottomPaddingTablet\":0,\"blockTopPaddingMobile\":0,\"blockRightPaddingMobile\":0,\"blockLeftPaddingMobile\":0,\"blockBottomPaddingMobile\":0,\"blockPaddingLink\":false,\"separatorTopMargin\":40,\"separatorRightMargin\":0,\"separatorLeftMargin\":0,\"subHeadTopMargin\":0,\"subHeadRightMargin\":0,\"subHeadLeftMargin\":0,\"btnBorderTopWidth\":1,\"btnBorderLeftWidth\":1,\"btnBorderRightWidth\":1,\"btnBorderBottomWidth\":1,\"btnBorderTopLeftRadius\":0,\"btnBorderTopRightRadius\":0,\"btnBorderBottomLeftRadius\":0,\"btnBorderBottomRightRadius\":0,\"btnBorderStyle\":\"solid\",\"btnBorderColor\":\"#333\"} -->\n<div class=\"wp-block-uagb-info-box uagb-block-8150b524 uagb-infobox__content-wrap  uagb-infobox-icon-left uagb-infobox-left uagb-infobox-stacked-mobile uagb-infobox-image-valign-top\">\n<div class=\"uagb-ifb-icon-wrap\">\u00a0<\/div>\n<div class=\"uagb-ifb-content\">\n<div class=\"uagb-ifb-title-wrap\">\n<h4 class=\"uagb-ifb-title\">Llamanos<\/h4>\n<\/div>\n<p class=\"uagb-ifb-desc\">+57 <a href=\"https:\/\/www.google.com\/search?kgmid=\/g\/11ggky4pvn&amp;hl=es-419&amp;q=Dra.+Liceth+Hermosa+odontologia+estetica+y+funcional&amp;shndl=30&amp;shem=lcuae,lsptbl1c&amp;source=sh\/x\/loc\/osrp\/m1\/3&amp;kgs=2c4698c2253f6590&amp;utm_source=lcuae,lsptbl1c,sh\/x\/loc\/osrp\/m1\/3#\" data-dtype=\"d3ph\" data-local-attribute=\"d3ph\" data-ved=\"2ahUKEwjF6a2-37CPAxW_QzABHZnRLkIQkAgoAHoECC0QAg\"><span aria-label=\"Llamar al n\u00famero de tel\u00e9fono 300 9969183\">300 9969183<\/span><\/a><\/p>\n<\/div>\n<\/div>\n<!-- \/wp:uagb\/info-box --><!-- wp:uagb\/info-box {\"classMigrate\":true,\"headingAlign\":\"left\",\"headingColor\":\"\",\"subHeadingColor\":\"\",\"icon\":\"envelope\",\"iconimgPosition\":\"left\",\"iconSize\":20,\"iconSizeTablet\":14,\"iconColor\":\"var(u002du002dast-global-color-0)\",\"headingTag\":\"h4\",\"headSpace\":8,\"subHeadSpace\":0,\"iconimgBorderRadius\":100,\"block_id\":\"0534ed93\",\"ctaBorderColor\":\"\",\"ctaBorderStyle\":\"\",\"iconLeftMargin\":0,\"iconRightMargin\":22,\"iconTopMargin\":16,\"iconBottomMargin\":0,\"stack\":\"mobile\",\"iconMarginTopTablet\":15,\"iconMarginRightTablet\":22,\"iconMarginBottomTablet\":0,\"iconMarginLeftTablet\":0,\"paddingBtnTop\":10,\"paddingBtnBottom\":10,\"paddingBtnLeft\":14,\"paddingBtnRight\":14,\"headTopMargin\":0,\"headRightMargin\":0,\"headLeftMargin\":0,\"blockTopPadding\":0,\"blockRightPadding\":0,\"blockLeftPadding\":15,\"blockBottomPadding\":0,\"blockTopPaddingTablet\":0,\"blockRightPaddingTablet\":0,\"blockLeftPaddingTablet\":15,\"blockBottomPaddingTablet\":0,\"blockTopPaddingMobile\":0,\"blockRightPaddingMobile\":0,\"blockLeftPaddingMobile\":0,\"blockBottomPaddingMobile\":0,\"blockPaddingLink\":false,\"subHeadTopMargin\":0,\"subHeadRightMargin\":0,\"subHeadLeftMargin\":0,\"btnBorderTopWidth\":1,\"btnBorderLeftWidth\":1,\"btnBorderRightWidth\":1,\"btnBorderBottomWidth\":1,\"btnBorderTopLeftRadius\":0,\"btnBorderTopRightRadius\":0,\"btnBorderBottomLeftRadius\":0,\"btnBorderBottomRightRadius\":0,\"btnBorderStyle\":\"solid\",\"btnBorderColor\":\"#333\"} -->\n<div class=\"wp-block-uagb-info-box uagb-block-0534ed93 uagb-infobox__content-wrap  uagb-infobox-icon-left uagb-infobox-left uagb-infobox-stacked-mobile uagb-infobox-image-valign-top\">\n<div class=\"uagb-ifb-icon-wrap\">\u00a0<\/div>\n<div class=\"uagb-ifb-content\">\n<div class=\"uagb-ifb-title-wrap\">\n<h4 class=\"uagb-ifb-title\">Email<\/h4>\n<\/div>\n<p class=\"uagb-ifb-desc\">contacto@whitedentalgo.com<\/p>\n<\/div>\n<\/div>\n<!-- \/wp:uagb\/info-box --><\/div>\n<!-- \/wp:uagb\/container --><!-- wp:uagb\/info-box {\"classMigrate\":true,\"headingAlign\":\"left\",\"headingAlignMobile\":\"center\",\"headingColor\":\"\",\"headSpace\":0,\"seperatorSpace\":30,\"block_id\":\"33d61c73\",\"seperatorPosition\":\"after_prefix\",\"seperatorStyle\":\"solid\",\"seperatorColor\":\"var(u002du002dast-global-color-7)\",\"seperatorWidth\":100,\"seperatorThickness\":1,\"showIcon\":false,\"showDesc\":false,\"headTopMargin\":0,\"headRightMargin\":0,\"headLeftMargin\":0,\"separatorTopMargin\":24,\"separatorRightMargin\":0,\"separatorLeftMargin\":0,\"separatorMarginTopMobile\":0,\"separatorMarginRightMobile\":0,\"seperatorMobileSpace\":30,\"separatorMarginLeftMobile\":0,\"btnBorderTopWidth\":1,\"btnBorderLeftWidth\":1,\"btnBorderRightWidth\":1,\"btnBorderBottomWidth\":1,\"btnBorderTopLeftRadius\":0,\"btnBorderTopRightRadius\":0,\"btnBorderBottomLeftRadius\":0,\"btnBorderBottomRightRadius\":0,\"btnBorderStyle\":\"solid\",\"btnBorderColor\":\"#333\"} -->\n<div class=\"wp-block-uagb-info-box uagb-block-33d61c73 uagb-infobox__content-wrap  uagb-infobox-icon-above-title uagb-infobox-image-valign-top\">\n<div class=\"uagb-ifb-content\">\n<div class=\"uagb-ifb-title-wrap\">\n<div class=\"uagb-ifb-separator\">\u00a0<\/div>\n<h2 class=\"elementor-heading-title elementor-size-default\">Agenda tu cita con nosotros<\/h2>\n<\/div>\n<\/div>\n<\/div>\n<!-- \/wp:uagb\/info-box --><!-- wp:shortcode --><div class=\"wpforms-container\" id=\"wpforms-1924\"><form id=\"wpforms-form-1924\" class=\"wpforms-validate wpforms-form wpforms-ajax-form\" data-formid=\"1924\" method=\"post\" enctype=\"multipart\/form-data\" action=\"\/en\/wp-json\/wp\/v2\/pages\/120\" data-token=\"88cb482648cc84b6f7ba8b5e1dac1625\" data-token-time=\"1776377905\" data-trp-original-action=\"\/en\/wp-json\/wp\/v2\/pages\/120\"><noscript class=\"wpforms-error-noscript\">Please enable JavaScript in your browser to complete this form.<\/noscript><div class=\"wpforms-field-container\"><div id=\"wpforms-1924-field_1-container\" class=\"wpforms-field wpforms-field-text\" data-field-id=\"1\"><label class=\"wpforms-field-label\" for=\"wpforms-1924-field_1\">Full Name<\/label><input type=\"text\" id=\"wpforms-1924-field_1\" class=\"wpforms-field-medium\" name=\"wpforms[fields][1]\" ><\/div>\t\t<div id=\"wpforms-1924-field_6-container\"\n\t\t\tclass=\"wpforms-field wpforms-field-text\"\n\t\t\tdata-field-type=\"text\"\n\t\t\tdata-field-id=\"6\"\n\t\t\t>\n\t\t\t<label class=\"wpforms-field-label\" for=\"wpforms-1924-field_6\" >Completo Nombre Comentario<\/label>\n\t\t\t<input type=\"text\" id=\"wpforms-1924-field_6\" class=\"wpforms-field-medium\" name=\"wpforms[fields][6]\" >\n\t\t<\/div>\n\t\t<div id=\"wpforms-1924-field_4-container\" class=\"wpforms-field wpforms-field-text\" data-field-id=\"4\"><label class=\"wpforms-field-label\" for=\"wpforms-1924-field_4\">Phone Number<\/label><input type=\"text\" id=\"wpforms-1924-field_4\" class=\"wpforms-field-medium\" name=\"wpforms[fields][4]\" ><\/div><div id=\"wpforms-1924-field_2-container\" class=\"wpforms-field wpforms-field-text\" data-field-id=\"2\"><label class=\"wpforms-field-label\" for=\"wpforms-1924-field_2\">Email<\/label><input type=\"text\" id=\"wpforms-1924-field_2\" class=\"wpforms-field-medium\" name=\"wpforms[fields][2]\" ><\/div><div id=\"wpforms-1924-field_3-container\" class=\"wpforms-field wpforms-field-select wpforms-field-select-style-classic\" data-field-id=\"3\"><label class=\"wpforms-field-label\" for=\"wpforms-1924-field_3\">Service<\/label><select id=\"wpforms-1924-field_3\" class=\"wpforms-field-medium\" name=\"wpforms[fields][3]\"><option value=\"Implante Dental\"  class=\"choice-1 depth-1\"  >Implante Dental<\/option><option value=\"Dise\u00f1o de Sonrrisa\"  class=\"choice-2 depth-1\"  >Smile Design<\/option><option value=\"Rehabilitaci\u00f3n Oral\"  class=\"choice-3 depth-1\"  >Oral Rehabilitation<\/option><option value=\"Ortodoncia\"  class=\"choice-4 depth-1\"  >Orthodontics<\/option><option value=\"Endodoncia\"  class=\"choice-5 depth-1\"  >Endodoncia<\/option><\/select><\/div><div id=\"wpforms-1924-field_5-container\" class=\"wpforms-field wpforms-field-text\" data-field-id=\"5\"><label class=\"wpforms-field-label\" for=\"wpforms-1924-field_5\">Comment<\/label><input type=\"text\" id=\"wpforms-1924-field_5\" class=\"wpforms-field-medium\" name=\"wpforms[fields][5]\" ><\/div><script>\n\t\t\t\t( function() {\n\t\t\t\t\tconst style = document.createElement( 'style' );\n\t\t\t\t\tstyle.appendChild( document.createTextNode( '#wpforms-1924-field_6-container { position: absolute !important; overflow: hidden !important; display: inline !important; height: 1px !important; width: 1px !important; z-index: -1000 !important; padding: 0 !important; } #wpforms-1924-field_6-container input { visibility: hidden; } #wpforms-conversational-form-page #wpforms-1924-field_6-container label { counter-increment: none; }' ) );\n\t\t\t\t\tdocument.head.appendChild( style );\n\t\t\t\t\tdocument.currentScript?.remove();\n\t\t\t\t} )();\n\t\t\t<\/script><\/div><!-- .wpforms-field-container --><div class=\"wpforms-submit-container\" ><input type=\"hidden\" name=\"wpforms[id]\" value=\"1924\"><input type=\"hidden\" name=\"page_title\" value=\"\"><input type=\"hidden\" name=\"page_url\" value=\"https:\/\/whitedentalgo.com\/en\/wp-json\/wp\/v2\/pages\/120\"><input type=\"hidden\" name=\"url_referer\" value=\"\"><button type=\"submit\" name=\"wpforms[submit]\" id=\"wpforms-submit-1924\" class=\"wpforms-submit\" data-alt-text=\"Enviando...\" data-submit-text=\"Enviar\" aria-live=\"assertive\" value=\"wpforms-submit\">Send<\/button><img decoding=\"async\" src=\"https:\/\/whitedentalgo.com\/wp-content\/plugins\/wpforms-lite\/assets\/images\/submit-spin.svg\" class=\"wpforms-submit-spinner\" style=\"display: none;\" width=\"26\" height=\"26\" alt=\"Loading\"><\/div><input type=\"hidden\" name=\"trp-form-language\" value=\"en\"\/><\/form><\/div>  <!-- .wpforms-container --><\/div>\n<\/div>\n<\/div>\t\t\t\t\t\t\t\t<\/div>\n\t\t\t\t<\/div>\n\t\t\t\t\t<\/div>\n\t\t\t\t<\/div>\n\t\t<div class=\"elementor-element elementor-element-0a84253 e-flex e-con-boxed e-con e-parent\" data-id=\"0a84253\" data-element_type=\"container\">\n\t\t\t\t\t<div class=\"e-con-inner\">\n\t\t\t\t<div class=\"elementor-element elementor-element-128da21 elementor-widget elementor-widget-heading\" data-id=\"128da21\" data-element_type=\"widget\" data-widget_type=\"heading.default\">\n\t\t\t\t<div class=\"elementor-widget-container\">\n\t\t\t\t\t<h2 class=\"elementor-heading-title elementor-size-default\">Ubicaci\u00f3n<\/h2>\t\t\t\t<\/div>\n\t\t\t\t<\/div>\n\t\t\t\t\t<\/div>\n\t\t\t\t<\/div>\n\t\t<div class=\"elementor-element elementor-element-e7d4d3c e-flex e-con-boxed e-con e-parent\" data-id=\"e7d4d3c\" data-element_type=\"container\">\n\t\t\t\t\t<div class=\"e-con-inner\">\n\t\t\t\t<div class=\"elementor-element elementor-element-64853a2 elementor-widget elementor-widget-google_maps\" data-id=\"64853a2\" data-element_type=\"widget\" data-widget_type=\"google_maps.default\">\n\t\t\t\t<div class=\"elementor-widget-container\">\n\t\t\t\t\t\t\t<div class=\"elementor-custom-embed\">\n\t\t\t<iframe loading=\"lazy\"\n\t\t\t\t\tsrc=\"https:\/\/maps.google.com\/maps?q=Cl.%20140%20%2311%2045%2C%20Usaqu%C3%A9n%2C%20Bogot%C3%A1%2C%20Cundinamarca&#038;t=m&#038;z=19&#038;output=embed&#038;iwloc=near\"\n\t\t\t\t\ttitle=\"Cl. 140 #11 45, Usaqu\u00e9n, Bogot\u00e1, Cundinamarca\"\n\t\t\t\t\taria-label=\"Cl. 140 #11 45, Usaqu\u00e9n, Bogot\u00e1, Cundinamarca\"\n\t\t\t><\/iframe>\n\t\t<\/div>\n\t\t\t\t\t\t<\/div>\n\t\t\t\t<\/div>\n\t\t\t\t\t<\/div>\n\t\t\t\t<\/div>\n\t\t\t\t<\/div>","protected":false},"excerpt":{"rendered":"<p>Contacto Detalle de Contacto \u00a0 Nuestra Ubicaci\u00f3n Cl. 140 #11 45, Usaqu\u00e9n, Bogot\u00e1, Cundinamarca \u00a0 Llamanos +57 300 9969183 \u00a0 Email contacto@whitedentalgo.com \u00a0 Agenda tu cita con nosotros Ubicaci\u00f3n<\/p>","protected":false},"author":0,"featured_media":0,"parent":0,"menu_order":0,"comment_status":"closed","ping_status":"closed","template":"","meta":{"_uag_custom_page_level_css":"","site-sidebar-layout":"default","site-content-layout":"plain-container","ast-site-content-layout":"full-width-container","site-content-style":"unboxed","site-sidebar-style":"unboxed","ast-global-header-display":"","ast-banner-title-visibility":"","ast-main-header-display":"","ast-hfb-above-header-display":"","ast-hfb-below-header-display":"","ast-hfb-mobile-header-display":"","site-post-title":"","ast-breadcrumbs-content":"","ast-featured-img":"disabled","footer-sml-layout":"","theme-transparent-header-meta":"enabled","adv-header-id-meta":"","stick-header-meta":"","header-above-stick-meta":"","header-main-stick-meta":"","header-below-stick-meta":"","astra-migrate-meta-layouts":"set","ast-page-background-enabled":"default","ast-page-background-meta":{"desktop":{"background-color":"var(--ast-global-color-4)","background-image":"","background-repeat":"repeat","background-position":"center center","background-size":"auto","background-attachment":"scroll","background-type":"","background-media":"","overlay-type":"","overlay-color":"","overlay-opacity":"","overlay-gradient":""},"tablet":{"background-color":"","background-image":"","background-repeat":"repeat","background-position":"center center","background-size":"auto","background-attachment":"scroll","background-type":"","background-media":"","overlay-type":"","overlay-color":"","overlay-opacity":"","overlay-gradient":""},"mobile":{"background-color":"","background-image":"","background-repeat":"repeat","background-position":"center center","background-size":"auto","background-attachment":"scroll","background-type":"","background-media":"","overlay-type":"","overlay-color":"","overlay-opacity":"","overlay-gradient":""}},"ast-content-background-meta":{"desktop":{"background-color":"var(--ast-global-color-5)","background-image":"","background-repeat":"repeat","background-position":"center center","background-size":"auto","background-attachment":"scroll","background-type":"","background-media":"","overlay-type":"","overlay-color":"","overlay-opacity":"","overlay-gradient":""},"tablet":{"background-color":"var(--ast-global-color-5)","background-image":"","background-repeat":"repeat","background-position":"center center","background-size":"auto","background-attachment":"scroll","background-type":"","background-media":"","overlay-type":"","overlay-color":"","overlay-opacity":"","overlay-gradient":""},"mobile":{"background-color":"var(--ast-global-color-5)","background-image":"","background-repeat":"repeat","background-position":"center center","background-size":"auto","background-attachment":"scroll","background-type":"","background-media":"","overlay-type":"","overlay-color":"","overlay-opacity":"","overlay-gradient":""}},"footnotes":""},"class_list":["post-120","page","type-page","status-publish","hentry"],"aioseo_notices":[],"_hostinger_reach_plugin_has_subscription_block":false,"_hostinger_reach_plugin_is_elementor":false,"uagb_featured_image_src":{"full":false,"thumbnail":false,"medium":false,"medium_large":false,"large":false,"1536x1536":false,"2048x2048":false,"trp-custom-language-flag":false,"tp-image-grid":false,"woocommerce_thumbnail":false,"woocommerce_single":false,"woocommerce_gallery_thumbnail":false},"uagb_author_info":{"display_name":"","author_link":"https:\/\/whitedentalgo.com\/en\/author\/"},"uagb_comment_info":0,"uagb_excerpt":"Contacto Detalle de Contacto \u00a0 Nuestra Ubicaci\u00f3n Cl. 140 #11 45, Usaqu\u00e9n, Bogot\u00e1, Cundinamarca \u00a0 Llamanos +57 300 9969183 \u00a0 Email contacto@whitedentalgo.com \u00a0 Agenda tu cita con nosotros Ubicaci\u00f3n","_links":{"self":[{"href":"https:\/\/whitedentalgo.com\/en\/wp-json\/wp\/v2\/pages\/120","targetHints":{"allow":["GET"]}}],"collection":[{"href":"https:\/\/whitedentalgo.com\/en\/wp-json\/wp\/v2\/pages"}],"about":[{"href":"https:\/\/whitedentalgo.com\/en\/wp-json\/wp\/v2\/types\/page"}],"replies":[{"embeddable":true,"href":"https:\/\/whitedentalgo.com\/en\/wp-json\/wp\/v2\/comments?post=120"}],"version-history":[{"count":36,"href":"https:\/\/whitedentalgo.com\/en\/wp-json\/wp\/v2\/pages\/120\/revisions"}],"predecessor-version":[{"id":1984,"href":"https:\/\/whitedentalgo.com\/en\/wp-json\/wp\/v2\/pages\/120\/revisions\/1984"}],"wp:attachment":[{"href":"https:\/\/whitedentalgo.com\/en\/wp-json\/wp\/v2\/media?parent=120"}],"curies":[{"name":"wp","href":"https:\/\/api.w.org\/{rel}","templated":true}]}}