{"id":2034,"date":"2025-08-31T19:36:31","date_gmt":"2025-08-31T19:36:31","guid":{"rendered":"https:\/\/whitedentalgo.com\/?page_id=2034"},"modified":"2025-11-11T15:12:30","modified_gmt":"2025-11-11T15:12:30","slug":"diseno-de-sonrisa","status":"publish","type":"page","link":"https:\/\/whitedentalgo.com\/en\/diseno-de-sonrisa\/","title":{"rendered":"Dise\u00f1o de Sonrisa"},"content":{"rendered":"<div data-elementor-type=\"wp-page\" data-elementor-id=\"2034\" class=\"elementor elementor-2034\">\n\t\t\t\t<div class=\"elementor-element elementor-element-e823a3c e-flex e-con-boxed e-con e-parent\" data-id=\"e823a3c\" data-element_type=\"container\">\n\t\t\t\t\t<div class=\"e-con-inner\">\n\t\t\t\t<div class=\"elementor-element elementor-element-b088995 elementor-widget elementor-widget-spacer\" data-id=\"b088995\" data-element_type=\"widget\" data-widget_type=\"spacer.default\">\n\t\t\t\t<div class=\"elementor-widget-container\">\n\t\t\t\t\t\t\t<div class=\"elementor-spacer\">\n\t\t\t<div class=\"elementor-spacer-inner\"><\/div>\n\t\t<\/div>\n\t\t\t\t\t\t<\/div>\n\t\t\t\t<\/div>\n\t\t\t\t\t<\/div>\n\t\t\t\t<\/div>\n\t\t<div class=\"elementor-element elementor-element-a5ace28 e-con-full e-flex e-con e-parent\" data-id=\"a5ace28\" data-element_type=\"container\">\n\t\t\t\t<div class=\"elementor-element elementor-element-ce79e6f elementor-widget elementor-widget-image\" data-id=\"ce79e6f\" data-element_type=\"widget\" data-widget_type=\"image.default\">\n\t\t\t\t<div class=\"elementor-widget-container\">\n\t\t\t\t\t\t\t\t\t\t\t\t\t\t\t<img fetchpriority=\"high\" decoding=\"async\" width=\"1024\" height=\"512\" src=\"https:\/\/whitedentalgo.com\/wp-content\/uploads\/2025\/08\/Diseno-sin-titulo-24-1024x512.webp\" class=\"attachment-large size-large wp-image-2009\" alt=\"\" srcset=\"https:\/\/whitedentalgo.com\/wp-content\/uploads\/2025\/08\/Diseno-sin-titulo-24-1024x512.webp 1024w, https:\/\/whitedentalgo.com\/wp-content\/uploads\/2025\/08\/Diseno-sin-titulo-24-300x150.webp 300w, https:\/\/whitedentalgo.com\/wp-content\/uploads\/2025\/08\/Diseno-sin-titulo-24-768x384.webp 768w, https:\/\/whitedentalgo.com\/wp-content\/uploads\/2025\/08\/Diseno-sin-titulo-24-1536x768.webp 1536w, https:\/\/whitedentalgo.com\/wp-content\/uploads\/2025\/08\/Diseno-sin-titulo-24-2048x1024.webp 2048w, https:\/\/whitedentalgo.com\/wp-content\/uploads\/2025\/08\/Diseno-sin-titulo-24-600x300.webp 600w\" sizes=\"(max-width: 1024px) 100vw, 1024px\" \/>\t\t\t\t\t\t\t\t\t\t\t\t\t\t\t<\/div>\n\t\t\t\t<\/div>\n\t\t\t\t<\/div>\n\t\t<div class=\"elementor-element elementor-element-fa4fe46 e-con-full e-flex e-con e-parent\" data-id=\"fa4fe46\" data-element_type=\"container\">\n\t\t<div class=\"elementor-element elementor-element-6cdf3b8 e-con-full e-flex e-con e-child\" data-id=\"6cdf3b8\" data-element_type=\"container\">\n\t\t\t\t<div class=\"elementor-element elementor-element-86412de elementor-widget elementor-widget-text-editor\" data-id=\"86412de\" data-element_type=\"widget\" data-widget_type=\"text-editor.default\">\n\t\t\t\t<div class=\"elementor-widget-container\">\n\t\t\t\t\t\t\t\t\t<h5>\u00a0<\/h5><h5 class=\"elementor-heading-title elementor-size-default\" style=\"text-align: left;\">Dise\u00f1amos tu sonrisa con <b>lentes cer\u00e1micos ultra delgados<\/b><\/h5><p><img decoding=\"async\" class=\"alignnone size-medium wp-image-1837 aligncenter\" src=\"http:\/\/whitedentalgo.com\/wp-content\/uploads\/2025\/07\/ccc-300x7.png\" alt=\"\" width=\"300\" height=\"7\" srcset=\"https:\/\/whitedentalgo.com\/wp-content\/uploads\/2025\/07\/ccc-300x7.png 300w, https:\/\/whitedentalgo.com\/wp-content\/uploads\/2025\/07\/ccc-1024x23.png 1024w, https:\/\/whitedentalgo.com\/wp-content\/uploads\/2025\/07\/ccc-768x17.png 768w, https:\/\/whitedentalgo.com\/wp-content\/uploads\/2025\/07\/ccc-600x13.png 600w, https:\/\/whitedentalgo.com\/wp-content\/uploads\/2025\/07\/ccc.png 1391w\" sizes=\"(max-width: 300px) 100vw, 300px\" \/><\/p><p><span style=\"color: #000000;\">Mejoramos la forma, tama\u00f1o y color de tus dientes sin desgastarlos para que te duren por lo menos 15 a\u00f1os.<\/span><\/p><p><span style=\"color: #000000;\"><strong>M\u00e1s de 8 a\u00f1os de experiencia en Rehabilitaci\u00f3n Oral y Est\u00e9tica Dental<\/strong>\u00a0generando resultados de alta calidad y exactitud con la m\u00e1s alta tecnolog\u00eda en Odontolog\u00eda.<\/span><\/p><p><img decoding=\"async\" class=\"wp-image-1937 aligncenter\" src=\"http:\/\/whitedentalgo.com\/wp-content\/uploads\/2025\/05\/cropped-MES-DE-MAMA-1-1-300x300.png\" alt=\"\" width=\"262\" height=\"262\" srcset=\"https:\/\/whitedentalgo.com\/wp-content\/uploads\/2025\/05\/cropped-MES-DE-MAMA-1-1-300x300.png 300w, https:\/\/whitedentalgo.com\/wp-content\/uploads\/2025\/05\/cropped-MES-DE-MAMA-1-1-150x150.png 150w, https:\/\/whitedentalgo.com\/wp-content\/uploads\/2025\/05\/cropped-MES-DE-MAMA-1-1-100x100.png 100w, https:\/\/whitedentalgo.com\/wp-content\/uploads\/2025\/05\/cropped-MES-DE-MAMA-1-1-270x270.png 270w, https:\/\/whitedentalgo.com\/wp-content\/uploads\/2025\/05\/cropped-MES-DE-MAMA-1-1-192x192.png 192w, https:\/\/whitedentalgo.com\/wp-content\/uploads\/2025\/05\/cropped-MES-DE-MAMA-1-1-180x180.png 180w, https:\/\/whitedentalgo.com\/wp-content\/uploads\/2025\/05\/cropped-MES-DE-MAMA-1-1-32x32.png 32w, https:\/\/whitedentalgo.com\/wp-content\/uploads\/2025\/05\/cropped-MES-DE-MAMA-1-1.png 512w\" sizes=\"(max-width: 262px) 100vw, 262px\" \/><\/p>\t\t\t\t\t\t\t\t<\/div>\n\t\t\t\t<\/div>\n\t\t\t\t<div class=\"elementor-element elementor-element-ff91d7a elementor-widget elementor-widget-button\" data-id=\"ff91d7a\" data-element_type=\"widget\" data-widget_type=\"button.default\">\n\t\t\t\t<div class=\"elementor-widget-container\">\n\t\t\t\t\t\t\t\t\t<div class=\"elementor-button-wrapper\">\n\t\t\t\t\t<a class=\"elementor-button elementor-button-link elementor-size-sm\" href=\"https:\/\/wa.link\/iarqos\">\n\t\t\t\t\t\t<span class=\"elementor-button-content-wrapper\">\n\t\t\t\t\t\t\t\t\t<span class=\"elementor-button-text\">Agendar Cita Ahora<\/span>\n\t\t\t\t\t<\/span>\n\t\t\t\t\t<\/a>\n\t\t\t\t<\/div>\n\t\t\t\t\t\t\t\t<\/div>\n\t\t\t\t<\/div>\n\t\t\t\t<\/div>\n\t\t<div class=\"elementor-element elementor-element-ecb1eef e-con-full e-flex e-con e-child\" data-id=\"ecb1eef\" data-element_type=\"container\">\n\t\t\t\t<div class=\"elementor-element elementor-element-fed8738 elementor-widget elementor-widget-image\" data-id=\"fed8738\" data-element_type=\"widget\" data-widget_type=\"image.default\">\n\t\t\t\t<div class=\"elementor-widget-container\">\n\t\t\t\t\t\t\t\t\t\t\t\t\t\t\t<img loading=\"lazy\" decoding=\"async\" width=\"875\" height=\"875\" src=\"https:\/\/whitedentalgo.com\/wp-content\/uploads\/2025\/11\/Logotipo-moderno-monograma-8.png\" class=\"attachment-large size-large wp-image-2132\" alt=\"dise\u00f1o de sonrrisa\" srcset=\"https:\/\/whitedentalgo.com\/wp-content\/uploads\/2025\/11\/Logotipo-moderno-monograma-8.png 875w, https:\/\/whitedentalgo.com\/wp-content\/uploads\/2025\/11\/Logotipo-moderno-monograma-8-300x300.png 300w, https:\/\/whitedentalgo.com\/wp-content\/uploads\/2025\/11\/Logotipo-moderno-monograma-8-150x150.png 150w, https:\/\/whitedentalgo.com\/wp-content\/uploads\/2025\/11\/Logotipo-moderno-monograma-8-768x768.png 768w, https:\/\/whitedentalgo.com\/wp-content\/uploads\/2025\/11\/Logotipo-moderno-monograma-8-12x12.png 12w, https:\/\/whitedentalgo.com\/wp-content\/uploads\/2025\/11\/Logotipo-moderno-monograma-8-700x700.png 700w, https:\/\/whitedentalgo.com\/wp-content\/uploads\/2025\/11\/Logotipo-moderno-monograma-8-600x600.png 600w, https:\/\/whitedentalgo.com\/wp-content\/uploads\/2025\/11\/Logotipo-moderno-monograma-8-100x100.png 100w\" sizes=\"(max-width: 875px) 100vw, 875px\" \/>\t\t\t\t\t\t\t\t\t\t\t\t\t\t\t<\/div>\n\t\t\t\t<\/div>\n\t\t\t\t<\/div>\n\t\t\t\t<\/div>\n\t\t\t\t<\/div>","protected":false},"excerpt":{"rendered":"<p>\u00a0 Dise\u00f1amos tu sonrisa con lentes cer\u00e1micos ultra delgados Mejoramos la forma, tama\u00f1o y color de tus dientes sin desgastarlos para que te duren por lo menos 15 a\u00f1os. M\u00e1s de 8 a\u00f1os de experiencia en Rehabilitaci\u00f3n Oral y Est\u00e9tica Dental\u00a0generando resultados de alta calidad y exactitud con la m\u00e1s alta tecnolog\u00eda en Odontolog\u00eda. Agendar [&hellip;]<\/p>","protected":false},"author":1,"featured_media":0,"parent":0,"menu_order":0,"comment_status":"closed","ping_status":"closed","template":"","meta":{"_uag_custom_page_level_css":"","site-sidebar-layout":"no-sidebar","site-content-layout":"page-builder","ast-site-content-layout":"full-width-container","site-content-style":"default","site-sidebar-style":"default","ast-global-header-display":"","ast-banner-title-visibility":"","ast-main-header-display":"","ast-hfb-above-header-display":"","ast-hfb-below-header-display":"","ast-hfb-mobile-header-display":"","site-post-title":"","ast-breadcrumbs-content":"","ast-featured-img":"disabled","footer-sml-layout":"","theme-transparent-header-meta":"","adv-header-id-meta":"","stick-header-meta":"","header-above-stick-meta":"","header-main-stick-meta":"","header-below-stick-meta":"","astra-migrate-meta-layouts":"set","ast-page-background-enabled":"default","ast-page-background-meta":{"desktop":{"background-color":"var(--ast-global-color-4)","background-image":"","background-repeat":"repeat","background-position":"center center","background-size":"auto","background-attachment":"scroll","background-type":"","background-media":"","overlay-type":"","overlay-color":"","overlay-opacity":"","overlay-gradient":""},"tablet":{"background-color":"","background-image":"","background-repeat":"repeat","background-position":"center center","background-size":"auto","background-attachment":"scroll","background-type":"","background-media":"","overlay-type":"","overlay-color":"","overlay-opacity":"","overlay-gradient":""},"mobile":{"background-color":"","background-image":"","background-repeat":"repeat","background-position":"center center","background-size":"auto","background-attachment":"scroll","background-type":"","background-media":"","overlay-type":"","overlay-color":"","overlay-opacity":"","overlay-gradient":""}},"ast-content-background-meta":{"desktop":{"background-color":"var(--ast-global-color-5)","background-image":"","background-repeat":"repeat","background-position":"center center","background-size":"auto","background-attachment":"scroll","background-type":"","background-media":"","overlay-type":"","overlay-color":"","overlay-opacity":"","overlay-gradient":""},"tablet":{"background-color":"var(--ast-global-color-5)","background-image":"","background-repeat":"repeat","background-position":"center center","background-size":"auto","background-attachment":"scroll","background-type":"","background-media":"","overlay-type":"","overlay-color":"","overlay-opacity":"","overlay-gradient":""},"mobile":{"background-color":"var(--ast-global-color-5)","background-image":"","background-repeat":"repeat","background-position":"center center","background-size":"auto","background-attachment":"scroll","background-type":"","background-media":"","overlay-type":"","overlay-color":"","overlay-opacity":"","overlay-gradient":""}},"footnotes":""},"class_list":["post-2034","page","type-page","status-publish","hentry"],"aioseo_notices":[],"_hostinger_reach_plugin_has_subscription_block":false,"_hostinger_reach_plugin_is_elementor":false,"uagb_featured_image_src":{"full":false,"thumbnail":false,"medium":false,"medium_large":false,"large":false,"1536x1536":false,"2048x2048":false,"trp-custom-language-flag":false,"tp-image-grid":false,"woocommerce_thumbnail":false,"woocommerce_single":false,"woocommerce_gallery_thumbnail":false},"uagb_author_info":{"display_name":"mastecnologiacolombia2022@gmail.com","author_link":"https:\/\/whitedentalgo.com\/en\/author\/mastecnologiacolombia2022gmail-com\/"},"uagb_comment_info":0,"uagb_excerpt":"\u00a0 Dise\u00f1amos tu sonrisa con lentes cer\u00e1micos ultra delgados Mejoramos la forma, tama\u00f1o y color de tus dientes sin desgastarlos para que te duren por lo menos 15 a\u00f1os. M\u00e1s de 8 a\u00f1os de experiencia en Rehabilitaci\u00f3n Oral y Est\u00e9tica Dental\u00a0generando resultados de alta calidad y exactitud con la m\u00e1s alta tecnolog\u00eda en Odontolog\u00eda. Agendar&hellip;","_links":{"self":[{"href":"https:\/\/whitedentalgo.com\/en\/wp-json\/wp\/v2\/pages\/2034","targetHints":{"allow":["GET"]}}],"collection":[{"href":"https:\/\/whitedentalgo.com\/en\/wp-json\/wp\/v2\/pages"}],"about":[{"href":"https:\/\/whitedentalgo.com\/en\/wp-json\/wp\/v2\/types\/page"}],"author":[{"embeddable":true,"href":"https:\/\/whitedentalgo.com\/en\/wp-json\/wp\/v2\/users\/1"}],"replies":[{"embeddable":true,"href":"https:\/\/whitedentalgo.com\/en\/wp-json\/wp\/v2\/comments?post=2034"}],"version-history":[{"count":22,"href":"https:\/\/whitedentalgo.com\/en\/wp-json\/wp\/v2\/pages\/2034\/revisions"}],"predecessor-version":[{"id":2135,"href":"https:\/\/whitedentalgo.com\/en\/wp-json\/wp\/v2\/pages\/2034\/revisions\/2135"}],"wp:attachment":[{"href":"https:\/\/whitedentalgo.com\/en\/wp-json\/wp\/v2\/media?parent=2034"}],"curies":[{"name":"wp","href":"https:\/\/api.w.org\/{rel}","templated":true}]}}